{"id":116,"date":"2023-07-17T13:29:22","date_gmt":"2023-07-17T13:29:22","guid":{"rendered":"https:\/\/amovacinasguarulhos.com.br\/?page_id=116"},"modified":"2023-12-07T08:06:35","modified_gmt":"2023-12-07T08:06:35","slug":"lp","status":"publish","type":"page","link":"https:\/\/amovacinasguarulhos.com.br\/?page_id=116","title":{"rendered":"Sobre n\u00f3s"},"content":{"rendered":"\t\t<div data-elementor-type=\"wp-page\" data-elementor-id=\"116\" class=\"elementor elementor-116\">\n\t\t\t\t<div class=\"elementor-element elementor-element-5448b22 e-con-full e-flex e-con e-parent\" data-id=\"5448b22\" data-element_type=\"container\" data-settings=\"{&quot;background_background&quot;:&quot;classic&quot;}\">\n\t\t\t\t<div class=\"elementor-element elementor-element-9093337 elementor-nav-menu__text-align-center elementor-absolute elementor-nav-menu--toggle elementor-nav-menu--burger elementor-widget elementor-widget-nav-menu\" data-id=\"9093337\" data-element_type=\"widget\" data-settings=\"{&quot;layout&quot;:&quot;dropdown&quot;,&quot;submenu_icon&quot;:{&quot;value&quot;:&quot;&lt;i class=\\&quot;fas fa-angle-down\\&quot;&gt;&lt;\\\/i&gt;&quot;,&quot;library&quot;:&quot;fa-solid&quot;},&quot;_position&quot;:&quot;absolute&quot;,&quot;toggle&quot;:&quot;burger&quot;}\" data-widget_type=\"nav-menu.default\">\n\t\t\t\t<div class=\"elementor-widget-container\">\n\t\t\t\t\t\t\t<div class=\"elementor-menu-toggle\" role=\"button\" tabindex=\"0\" aria-label=\"Menu Toggle\" aria-expanded=\"false\">\n\t\t\t<i aria-hidden=\"true\" role=\"presentation\" class=\"elementor-menu-toggle__icon--open eicon-menu-bar\"><\/i><i aria-hidden=\"true\" role=\"presentation\" class=\"elementor-menu-toggle__icon--close eicon-close\"><\/i>\t\t\t<span class=\"elementor-screen-only\">Menu<\/span>\n\t\t<\/div>\n\t\t\t<nav class=\"elementor-nav-menu--dropdown elementor-nav-menu__container\" role=\"navigation\" aria-hidden=\"true\">\n\t\t\t\t<ul id=\"menu-2-9093337\" class=\"elementor-nav-menu\"><li class=\"menu-item menu-item-type-post_type menu-item-object-page menu-item-630\"><a href=\"https:\/\/amovacinasguarulhos.com.br\/?page_id=116\" class=\"elementor-item\" tabindex=\"-1\">Home<\/a><\/li>\n<li class=\"menu-item menu-item-type-post_type menu-item-object-page menu-item-home menu-item-708\"><a href=\"https:\/\/amovacinasguarulhos.com.br\/\" class=\"elementor-item\" tabindex=\"-1\">amovacinas<\/a><\/li>\n<li class=\"menu-item menu-item-type-post_type menu-item-object-page menu-item-has-children menu-item-699\"><a href=\"https:\/\/amovacinasguarulhos.com.br\/?page_id=641\" class=\"elementor-item\" tabindex=\"-1\">Servicos<\/a>\n<ul class=\"sub-menu elementor-nav-menu--dropdown\">\n\t<li class=\"menu-item menu-item-type-post_type menu-item-object-page menu-item-700\"><a href=\"https:\/\/amovacinasguarulhos.com.br\/?page_id=693\" class=\"elementor-sub-item\" tabindex=\"-1\">Aplica\u00e7\u00e3o Brinco<\/a><\/li>\n\t<li class=\"menu-item menu-item-type-post_type menu-item-object-page menu-item-701\"><a href=\"https:\/\/amovacinasguarulhos.com.br\/?page_id=685\" class=\"elementor-sub-item\" tabindex=\"-1\">Maternidade<\/a><\/li>\n\t<li class=\"menu-item menu-item-type-post_type menu-item-object-page menu-item-702\"><a href=\"https:\/\/amovacinasguarulhos.com.br\/?page_id=692\" class=\"elementor-sub-item\" tabindex=\"-1\">Plano Programados<\/a><\/li>\n\t<li class=\"menu-item menu-item-type-post_type menu-item-object-page menu-item-703\"><a href=\"https:\/\/amovacinasguarulhos.com.br\/?page_id=687\" class=\"elementor-sub-item\" tabindex=\"-1\">Escolar<\/a><\/li>\n\t<li class=\"menu-item menu-item-type-post_type menu-item-object-page menu-item-704\"><a href=\"https:\/\/amovacinasguarulhos.com.br\/?page_id=691\" class=\"elementor-sub-item\" tabindex=\"-1\">CIVP<\/a><\/li>\n\t<li class=\"menu-item menu-item-type-post_type menu-item-object-page menu-item-705\"><a href=\"https:\/\/amovacinasguarulhos.com.br\/?page_id=679\" class=\"elementor-sub-item\" tabindex=\"-1\">Empresarial<\/a><\/li>\n\t<li class=\"menu-item menu-item-type-post_type menu-item-object-page menu-item-706\"><a href=\"https:\/\/amovacinasguarulhos.com.br\/?page_id=686\" class=\"elementor-sub-item\" tabindex=\"-1\">Condom\u00ednio<\/a><\/li>\n\t<li class=\"menu-item menu-item-type-post_type menu-item-object-page menu-item-707\"><a href=\"https:\/\/amovacinasguarulhos.com.br\/?page_id=658\" class=\"elementor-sub-item\" tabindex=\"-1\">Domiciliar<\/a><\/li>\n<\/ul>\n<\/li>\n<li class=\"menu-item menu-item-type-post_type menu-item-object-page menu-item-953\"><a href=\"https:\/\/amovacinasguarulhos.com.br\/?page_id=116\" class=\"elementor-item\" tabindex=\"-1\">Sobre n\u00f3s<\/a><\/li>\n<li class=\"menu-item menu-item-type-post_type menu-item-object-page menu-item-963\"><a href=\"https:\/\/amovacinasguarulhos.com.br\/?page_id=962\" class=\"elementor-item\" tabindex=\"-1\">Pol\u00edtica de Privacidade<\/a><\/li>\n<\/ul>\t\t\t<\/nav>\n\t\t\t\t\t\t<\/div>\n\t\t\t\t<\/div>\n\t\t\t\t<\/div>\n\t\t\t\t<section class=\"elementor-section elementor-top-section elementor-element elementor-element-396a1ce elementor-section-height-min-height elementor-section-boxed elementor-section-height-default elementor-section-items-middle\" data-id=\"396a1ce\" data-element_type=\"section\">\n\t\t\t\t\t\t<div class=\"elementor-container elementor-column-gap-default\">\n\t\t\t\t\t<div class=\"elementor-column elementor-col-100 elementor-top-column elementor-element elementor-element-3347086\" data-id=\"3347086\" data-element_type=\"column\">\n\t\t\t<div class=\"elementor-widget-wrap elementor-element-populated\">\n\t\t\t\t\t\t<div class=\"elementor-element elementor-element-803a73c elementor-widget elementor-widget-image\" data-id=\"803a73c\" data-element_type=\"widget\" data-widget_type=\"image.default\">\n\t\t\t\t<div class=\"elementor-widget-container\">\n\t\t\t\t\t\t\t\t\t\t\t\t\t\t\t\t<a href=\"https:\/\/amovacinasguarulhos.com.br\/\">\n\t\t\t\t\t\t\t<img fetchpriority=\"high\" decoding=\"async\" width=\"750\" height=\"338\" src=\"https:\/\/amovacinasguarulhos.com.br\/wp-content\/uploads\/2023\/07\/Logo_AmoVacinasRGB-1536x692-1-1024x461.png\" class=\"attachment-large size-large wp-image-107\" alt=\"Amo Vacinas\" srcset=\"https:\/\/amovacinasguarulhos.com.br\/wp-content\/uploads\/2023\/07\/Logo_AmoVacinasRGB-1536x692-1-1024x461.png.webp 1024w, https:\/\/amovacinasguarulhos.com.br\/wp-content\/uploads\/2023\/07\/Logo_AmoVacinasRGB-1536x692-1-300x135.png.webp 300w, https:\/\/amovacinasguarulhos.com.br\/wp-content\/uploads\/2023\/07\/Logo_AmoVacinasRGB-1536x692-1-768x346.png.webp 768w, https:\/\/amovacinasguarulhos.com.br\/wp-content\/uploads\/2023\/07\/Logo_AmoVacinasRGB-1536x692-1.png.webp 1536w\" sizes=\"(max-width: 750px) 100vw, 750px\" \/>\t\t\t\t\t\t\t\t<\/a>\n\t\t\t\t\t\t\t\t\t\t\t\t\t\t\t<\/div>\n\t\t\t\t<\/div>\n\t\t\t\t\t<\/div>\n\t\t<\/div>\n\t\t\t\t\t<\/div>\n\t\t<\/section>\n\t\t\t\t<section class=\"elementor-section elementor-top-section elementor-element elementor-element-2cf9d9a elementor-section-height-min-height elementor-section-boxed elementor-section-height-default elementor-section-items-middle\" data-id=\"2cf9d9a\" data-element_type=\"section\">\n\t\t\t\t\t\t<div class=\"elementor-container elementor-column-gap-default\">\n\t\t\t\t\t<div class=\"elementor-column elementor-col-100 elementor-top-column elementor-element elementor-element-53dab05\" data-id=\"53dab05\" data-element_type=\"column\">\n\t\t\t<div class=\"elementor-widget-wrap elementor-element-populated\">\n\t\t\t\t\t\t<div class=\"elementor-element elementor-element-cebce0f elementor-widget elementor-widget-heading\" data-id=\"cebce0f\" data-element_type=\"widget\" data-widget_type=\"heading.default\">\n\t\t\t\t<div class=\"elementor-widget-container\">\n\t\t\t\t\t<h2 class=\"elementor-heading-title elementor-size-default\">Sobre n\u00f3s<\/h2>\t\t\t\t<\/div>\n\t\t\t\t<\/div>\n\t\t\t\t<div class=\"elementor-element elementor-element-4f48d8b elementor-widget elementor-widget-text-editor\" data-id=\"4f48d8b\" data-element_type=\"widget\" data-widget_type=\"text-editor.default\">\n\t\t\t\t<div class=\"elementor-widget-container\">\n\t\t\t\t\t\t\t\t\t<p>A <strong>Amo vacinas Guarulhos<\/strong> \u00e9 uma cl\u00ednica especializada em vacina\u00e7\u00e3o <strong>humanizada<\/strong> para todas as idades.<\/p><p>Fazemos da vacina\u00e7\u00e3o um momento l\u00fadico, aliando tecnologias para <strong>amenizar<\/strong> a dor e <strong>diminuir<\/strong> o trauma de agulhas.<\/p><p>Mantemos uma linha de comunica\u00e7\u00e3o <strong>direta<\/strong> com nossos clientes e equipe m\u00e9dica e t\u00e9cnica a fim de prestar um atendimento de <strong>excel\u00eancia<\/strong>, com vasto conhecimento t\u00e9cnico-cient\u00edfico e reconhecimento da qualidade nos nossos servi\u00e7os.<\/p><p>Nossa estrutura \u00e9 composta por um ambiente <strong>l\u00fadico<\/strong> e atrativo para o p\u00fablico <strong>infantil<\/strong>, equipamentos modernos de refrigeradores com gerador para poss\u00edveis faltas de energia, com regula\u00e7\u00e3o autom\u00e1tica da temperatura dos imunobiol\u00f3gicos, a fim de garantir a <strong>efic\u00e1cia<\/strong> da vacina\u00e7\u00e3o.<\/p><p>\u00a0<\/p><p><span style=\"text-decoration: underline;\"><strong>Nossa Miss\u00e3o:<\/strong><\/span><\/p><p>Fazer o bem prevenindo doen\u00e7as e promovendo a sa\u00fade plena atrav\u00e9s da imuniza\u00e7\u00e3o de qualidade, movido pelo desejo de transformar vidas.<\/p><p>\u00a0<\/p><p><span style=\"text-decoration: underline;\"><strong>Nossos Servi\u00e7os:<\/strong><\/span><\/p><ul><li>Vacina\u00e7\u00e3o humanizada para todas as idades Planos de Vacina\u00e7\u00e3o &#8211; Consulte uma de nossas.<\/li><li>Unidades Amo Urgente &#8211; atendimento de enfermagem 24h em rea\u00e7\u00f5es vacinais.<\/li><li>Amo\u00a0 vacina\u00e7\u00e3o na sua casa &#8211; vacina\u00e7\u00e3o e furo de orelha domiciliar.<\/li><li>Amo vacina na sua Empresa &#8211; Coordena\u00e7\u00e3o de campanhas de vacina\u00e7\u00e3o e palestras nas empresas.<\/li><li>Amo na sua Escola &#8211; Parceria com escolas para evitar surtos em ambiente escolar e est\u00edmulo a promo\u00e7\u00e3o \u00e0 sa\u00fade.<\/li><li>Primeiro brinquinho e furo de orelhinha &#8211; Furo da orelha com brincos apropriados e recomendados mundialmente para primeiro furo.<\/li><li>Ambulat\u00f3rio de Enfermagem &#8211; Medi\u00e7\u00e3o de Press\u00e3o, de glicemia, inje\u00e7\u00e3o intramuscular e subcut\u00e2nea, curativos e retirada de pontos.<\/li><\/ul>\t\t\t\t\t\t\t\t<\/div>\n\t\t\t\t<\/div>\n\t\t\t\t\t<\/div>\n\t\t<\/div>\n\t\t\t\t\t<\/div>\n\t\t<\/section>\n\t\t\t\t<section class=\"elementor-section elementor-top-section elementor-element elementor-element-3d5eb93 elementor-section-boxed elementor-section-height-default elementor-section-height-default\" data-id=\"3d5eb93\" data-element_type=\"section\" data-settings=\"{&quot;background_background&quot;:&quot;classic&quot;}\">\n\t\t\t\t\t\t<div class=\"elementor-container elementor-column-gap-default\">\n\t\t\t\t\t<div class=\"elementor-column elementor-col-100 elementor-top-column elementor-element elementor-element-36ca768\" data-id=\"36ca768\" data-element_type=\"column\">\n\t\t\t<div class=\"elementor-widget-wrap elementor-element-populated\">\n\t\t\t\t\t\t<div class=\"elementor-element elementor-element-d3a84af elementor-view-default elementor-position-top elementor-mobile-position-top elementor-widget elementor-widget-icon-box\" data-id=\"d3a84af\" data-element_type=\"widget\" data-widget_type=\"icon-box.default\">\n\t\t\t\t<div class=\"elementor-widget-container\">\n\t\t\t\t\t\t\t<div class=\"elementor-icon-box-wrapper\">\n\n\t\t\t\t\t\t<div class=\"elementor-icon-box-icon\">\n\t\t\t\t<span  class=\"elementor-icon\">\n\t\t\t\t<i aria-hidden=\"true\" class=\"fas fa-map-marker-alt\"><\/i>\t\t\t\t<\/span>\n\t\t\t<\/div>\n\t\t\t\n\t\t\t\t\t\t<div class=\"elementor-icon-box-content\">\n\n\t\t\t\t\t\t\t\t\t<h4 class=\"elementor-icon-box-title\">\n\t\t\t\t\t\t<span  >\n\t\t\t\t\t\t\tInternacional Shopping Guarulhos\t\t\t\t\t\t<\/span>\n\t\t\t\t\t<\/h4>\n\t\t\t\t\n\t\t\t\t\t\t\t\t\t<p class=\"elementor-icon-box-description\">\n\t\t\t\t\t\tRua Engenheiro Camilo Olivetti, n\u00ba 295 - T\u00e9rreo Loja C-15<br>Itapegica - Vila Herm\u00ednia, Guarulhos - SP\t\t\t\t\t<\/p>\n\t\t\t\t\n\t\t\t<\/div>\n\t\t\t\n\t\t<\/div>\n\t\t\t\t\t\t<\/div>\n\t\t\t\t<\/div>\n\t\t\t\t\t<\/div>\n\t\t<\/div>\n\t\t\t\t\t<\/div>\n\t\t<\/section>\n\t\t\t\t<section class=\"elementor-section elementor-top-section elementor-element elementor-element-88cbe8d elementor-section-height-min-height elementor-section-content-middle elementor-section-boxed elementor-section-height-default elementor-section-items-middle\" data-id=\"88cbe8d\" data-element_type=\"section\">\n\t\t\t\t\t\t<div class=\"elementor-container elementor-column-gap-default\">\n\t\t\t\t\t<div class=\"elementor-column elementor-col-100 elementor-top-column elementor-element elementor-element-cbad9c6\" data-id=\"cbad9c6\" data-element_type=\"column\">\n\t\t\t<div class=\"elementor-widget-wrap elementor-element-populated\">\n\t\t\t\t\t\t<div class=\"elementor-element elementor-element-3cbcbe8 elementor-shape-rounded elementor-grid-0 e-grid-align-center elementor-widget elementor-widget-social-icons\" data-id=\"3cbcbe8\" data-element_type=\"widget\" data-widget_type=\"social-icons.default\">\n\t\t\t\t<div class=\"elementor-widget-container\">\n\t\t\t\t\t\t\t<div class=\"elementor-social-icons-wrapper elementor-grid\" role=\"list\">\n\t\t\t\t\t\t\t<span class=\"elementor-grid-item\" role=\"listitem\">\n\t\t\t\t\t<a class=\"elementor-icon elementor-social-icon elementor-social-icon-instagram elementor-repeater-item-6895a53\" href=\"https:\/\/www.instagram.com\/amovacinasshopinternacionalgru\/\" target=\"_blank\">\n\t\t\t\t\t\t<span class=\"elementor-screen-only\">Instagram<\/span>\n\t\t\t\t\t\t<i aria-hidden=\"true\" class=\"fab fa-instagram\"><\/i>\t\t\t\t\t<\/a>\n\t\t\t\t<\/span>\n\t\t\t\t\t\t\t<span class=\"elementor-grid-item\" role=\"listitem\">\n\t\t\t\t\t<a class=\"elementor-icon elementor-social-icon elementor-social-icon-whatsapp elementor-repeater-item-b2f7d5c\" href=\"https:\/\/api.whatsapp.com\/send?phone=5511914137221&#038;text=Ol%C3%A1%21+Vim+pelo+site+amovacinasguarulhos.com.br.+Quero+falar+com+uma+atendente.&#038;app_absent=0\" target=\"_blank\">\n\t\t\t\t\t\t<span class=\"elementor-screen-only\">Whatsapp<\/span>\n\t\t\t\t\t\t<i aria-hidden=\"true\" class=\"fab fa-whatsapp\"><\/i>\t\t\t\t\t<\/a>\n\t\t\t\t<\/span>\n\t\t\t\t\t<\/div>\n\t\t\t\t\t\t<\/div>\n\t\t\t\t<\/div>\n\t\t\t\t\t<\/div>\n\t\t<\/div>\n\t\t\t\t\t<\/div>\n\t\t<\/section>\n\t\t\t\t<\/div>\n\t\t","protected":false},"excerpt":{"rendered":"<p>Sobre n\u00f3s A Amo vacinas Guarulhos \u00e9 uma cl\u00ednica especializada em vacina\u00e7\u00e3o humanizada para todas as idades. Fazemos da vacina\u00e7\u00e3o um momento l\u00fadico, aliando tecnologias para amenizar a dor e [&hellip;]<\/p>\n","protected":false},"author":1,"featured_media":107,"parent":0,"menu_order":0,"comment_status":"closed","ping_status":"closed","template":"elementor_canvas","meta":{"footnotes":""},"class_list":["post-116","page","type-page","status-publish","has-post-thumbnail","hentry","rishi-post"],"rishi__cb_customizer_meta":"","yoast_head":"<!-- This site is optimized with the Yoast SEO plugin v26.5 - https:\/\/yoast.com\/wordpress\/plugins\/seo\/ -->\n<title>Sobre n\u00f3s - Amo Vacinas Guarulhos<\/title>\n<meta name=\"robots\" content=\"index, follow, max-snippet:-1, max-image-preview:large, max-video-preview:-1\" \/>\n<link rel=\"canonical\" href=\"https:\/\/amovacinasguarulhos.com.br\/?page_id=116\" \/>\n<meta property=\"og:locale\" content=\"pt_BR\" \/>\n<meta property=\"og:type\" content=\"article\" \/>\n<meta property=\"og:title\" content=\"Sobre n\u00f3s - Amo Vacinas Guarulhos\" \/>\n<meta property=\"og:description\" content=\"Sobre n\u00f3s A Amo vacinas Guarulhos \u00e9 uma cl\u00ednica especializada em vacina\u00e7\u00e3o humanizada para todas as idades. Fazemos da vacina\u00e7\u00e3o um momento l\u00fadico, aliando tecnologias para amenizar a dor e [&hellip;]\" \/>\n<meta property=\"og:url\" content=\"https:\/\/amovacinasguarulhos.com.br\/?page_id=116\" \/>\n<meta property=\"og:site_name\" content=\"Amo Vacinas Guarulhos\" \/>\n<meta property=\"article:modified_time\" content=\"2023-12-07T08:06:35+00:00\" \/>\n<meta property=\"og:image\" content=\"https:\/\/amovacinasguarulhos.com.br\/wp-content\/uploads\/2023\/07\/Logo_AmoVacinasRGB-1536x692-1.png\" \/>\n\t<meta property=\"og:image:width\" content=\"1536\" \/>\n\t<meta property=\"og:image:height\" content=\"692\" \/>\n\t<meta property=\"og:image:type\" content=\"image\/png\" \/>\n<meta name=\"twitter:card\" content=\"summary_large_image\" \/>\n<meta name=\"twitter:label1\" content=\"Est. tempo de leitura\" \/>\n\t<meta name=\"twitter:data1\" content=\"2 minutos\" \/>\n<script type=\"application\/ld+json\" class=\"yoast-schema-graph\">{\"@context\":\"https:\/\/schema.org\",\"@graph\":[{\"@type\":\"WebPage\",\"@id\":\"https:\/\/amovacinasguarulhos.com.br\/?page_id=116\",\"url\":\"https:\/\/amovacinasguarulhos.com.br\/?page_id=116\",\"name\":\"Sobre n\u00f3s - Amo Vacinas Guarulhos\",\"isPartOf\":{\"@id\":\"https:\/\/amovacinasguarulhos.com.br\/#website\"},\"primaryImageOfPage\":{\"@id\":\"https:\/\/amovacinasguarulhos.com.br\/?page_id=116#primaryimage\"},\"image\":{\"@id\":\"https:\/\/amovacinasguarulhos.com.br\/?page_id=116#primaryimage\"},\"thumbnailUrl\":\"https:\/\/amovacinasguarulhos.com.br\/wp-content\/uploads\/2023\/07\/Logo_AmoVacinasRGB-1536x692-1.png\",\"datePublished\":\"2023-07-17T13:29:22+00:00\",\"dateModified\":\"2023-12-07T08:06:35+00:00\",\"breadcrumb\":{\"@id\":\"https:\/\/amovacinasguarulhos.com.br\/?page_id=116#breadcrumb\"},\"inLanguage\":\"pt-BR\",\"potentialAction\":[{\"@type\":\"ReadAction\",\"target\":[\"https:\/\/amovacinasguarulhos.com.br\/?page_id=116\"]}]},{\"@type\":\"ImageObject\",\"inLanguage\":\"pt-BR\",\"@id\":\"https:\/\/amovacinasguarulhos.com.br\/?page_id=116#primaryimage\",\"url\":\"https:\/\/amovacinasguarulhos.com.br\/wp-content\/uploads\/2023\/07\/Logo_AmoVacinasRGB-1536x692-1.png\",\"contentUrl\":\"https:\/\/amovacinasguarulhos.com.br\/wp-content\/uploads\/2023\/07\/Logo_AmoVacinasRGB-1536x692-1.png\",\"width\":1536,\"height\":692,\"caption\":\"Amo Vacinas\"},{\"@type\":\"BreadcrumbList\",\"@id\":\"https:\/\/amovacinasguarulhos.com.br\/?page_id=116#breadcrumb\",\"itemListElement\":[{\"@type\":\"ListItem\",\"position\":1,\"name\":\"In\u00edcio\",\"item\":\"https:\/\/amovacinasguarulhos.com.br\/\"},{\"@type\":\"ListItem\",\"position\":2,\"name\":\"Sobre n\u00f3s\"}]},{\"@type\":\"WebSite\",\"@id\":\"https:\/\/amovacinasguarulhos.com.br\/#website\",\"url\":\"https:\/\/amovacinasguarulhos.com.br\/\",\"name\":\"Amo Vacinas Guarulhos\",\"description\":\"Cl\u00ednica especializada em vacina\u00e7\u00e3o, para todas as idades, planos exclusivos, humanizado, al\u00e9m disso, na Amo Vacinas Guarulhos tem atendimento domiciliar!\",\"publisher\":{\"@id\":\"https:\/\/amovacinasguarulhos.com.br\/#organization\"},\"potentialAction\":[{\"@type\":\"SearchAction\",\"target\":{\"@type\":\"EntryPoint\",\"urlTemplate\":\"https:\/\/amovacinasguarulhos.com.br\/?s={search_term_string}\"},\"query-input\":{\"@type\":\"PropertyValueSpecification\",\"valueRequired\":true,\"valueName\":\"search_term_string\"}}],\"inLanguage\":\"pt-BR\"},{\"@type\":\"Organization\",\"@id\":\"https:\/\/amovacinasguarulhos.com.br\/#organization\",\"name\":\"Amo Vacinas Guarulhos\",\"alternateName\":\"Amo Vacinas\",\"url\":\"https:\/\/amovacinasguarulhos.com.br\/\",\"logo\":{\"@type\":\"ImageObject\",\"inLanguage\":\"pt-BR\",\"@id\":\"https:\/\/amovacinasguarulhos.com.br\/#\/schema\/logo\/image\/\",\"url\":\"https:\/\/amovacinasguarulhos.com.br\/wp-content\/uploads\/2023\/07\/Logo_AmoVacinasRGB-1536x692-1.png\",\"contentUrl\":\"https:\/\/amovacinasguarulhos.com.br\/wp-content\/uploads\/2023\/07\/Logo_AmoVacinasRGB-1536x692-1.png\",\"width\":1536,\"height\":692,\"caption\":\"Amo Vacinas Guarulhos\"},\"image\":{\"@id\":\"https:\/\/amovacinasguarulhos.com.br\/#\/schema\/logo\/image\/\"},\"sameAs\":[\"https:\/\/www.instagram.com\/amovacinasshopinternacionalgru\/\"]}]}<\/script>\n<!-- \/ Yoast SEO plugin. -->","yoast_head_json":{"title":"Sobre n\u00f3s - Amo Vacinas Guarulhos","robots":{"index":"index","follow":"follow","max-snippet":"max-snippet:-1","max-image-preview":"max-image-preview:large","max-video-preview":"max-video-preview:-1"},"canonical":"https:\/\/amovacinasguarulhos.com.br\/?page_id=116","og_locale":"pt_BR","og_type":"article","og_title":"Sobre n\u00f3s - Amo Vacinas Guarulhos","og_description":"Sobre n\u00f3s A Amo vacinas Guarulhos \u00e9 uma cl\u00ednica especializada em vacina\u00e7\u00e3o humanizada para todas as idades. Fazemos da vacina\u00e7\u00e3o um momento l\u00fadico, aliando tecnologias para amenizar a dor e [&hellip;]","og_url":"https:\/\/amovacinasguarulhos.com.br\/?page_id=116","og_site_name":"Amo Vacinas Guarulhos","article_modified_time":"2023-12-07T08:06:35+00:00","og_image":[{"width":1536,"height":692,"url":"https:\/\/amovacinasguarulhos.com.br\/wp-content\/uploads\/2023\/07\/Logo_AmoVacinasRGB-1536x692-1.png","type":"image\/png"}],"twitter_card":"summary_large_image","twitter_misc":{"Est. tempo de leitura":"2 minutos"},"schema":{"@context":"https:\/\/schema.org","@graph":[{"@type":"WebPage","@id":"https:\/\/amovacinasguarulhos.com.br\/?page_id=116","url":"https:\/\/amovacinasguarulhos.com.br\/?page_id=116","name":"Sobre n\u00f3s - Amo Vacinas Guarulhos","isPartOf":{"@id":"https:\/\/amovacinasguarulhos.com.br\/#website"},"primaryImageOfPage":{"@id":"https:\/\/amovacinasguarulhos.com.br\/?page_id=116#primaryimage"},"image":{"@id":"https:\/\/amovacinasguarulhos.com.br\/?page_id=116#primaryimage"},"thumbnailUrl":"https:\/\/amovacinasguarulhos.com.br\/wp-content\/uploads\/2023\/07\/Logo_AmoVacinasRGB-1536x692-1.png","datePublished":"2023-07-17T13:29:22+00:00","dateModified":"2023-12-07T08:06:35+00:00","breadcrumb":{"@id":"https:\/\/amovacinasguarulhos.com.br\/?page_id=116#breadcrumb"},"inLanguage":"pt-BR","potentialAction":[{"@type":"ReadAction","target":["https:\/\/amovacinasguarulhos.com.br\/?page_id=116"]}]},{"@type":"ImageObject","inLanguage":"pt-BR","@id":"https:\/\/amovacinasguarulhos.com.br\/?page_id=116#primaryimage","url":"https:\/\/amovacinasguarulhos.com.br\/wp-content\/uploads\/2023\/07\/Logo_AmoVacinasRGB-1536x692-1.png","contentUrl":"https:\/\/amovacinasguarulhos.com.br\/wp-content\/uploads\/2023\/07\/Logo_AmoVacinasRGB-1536x692-1.png","width":1536,"height":692,"caption":"Amo Vacinas"},{"@type":"BreadcrumbList","@id":"https:\/\/amovacinasguarulhos.com.br\/?page_id=116#breadcrumb","itemListElement":[{"@type":"ListItem","position":1,"name":"In\u00edcio","item":"https:\/\/amovacinasguarulhos.com.br\/"},{"@type":"ListItem","position":2,"name":"Sobre n\u00f3s"}]},{"@type":"WebSite","@id":"https:\/\/amovacinasguarulhos.com.br\/#website","url":"https:\/\/amovacinasguarulhos.com.br\/","name":"Amo Vacinas Guarulhos","description":"Cl\u00ednica especializada em vacina\u00e7\u00e3o, para todas as idades, planos exclusivos, humanizado, al\u00e9m disso, na Amo Vacinas Guarulhos tem atendimento domiciliar!","publisher":{"@id":"https:\/\/amovacinasguarulhos.com.br\/#organization"},"potentialAction":[{"@type":"SearchAction","target":{"@type":"EntryPoint","urlTemplate":"https:\/\/amovacinasguarulhos.com.br\/?s={search_term_string}"},"query-input":{"@type":"PropertyValueSpecification","valueRequired":true,"valueName":"search_term_string"}}],"inLanguage":"pt-BR"},{"@type":"Organization","@id":"https:\/\/amovacinasguarulhos.com.br\/#organization","name":"Amo Vacinas Guarulhos","alternateName":"Amo Vacinas","url":"https:\/\/amovacinasguarulhos.com.br\/","logo":{"@type":"ImageObject","inLanguage":"pt-BR","@id":"https:\/\/amovacinasguarulhos.com.br\/#\/schema\/logo\/image\/","url":"https:\/\/amovacinasguarulhos.com.br\/wp-content\/uploads\/2023\/07\/Logo_AmoVacinasRGB-1536x692-1.png","contentUrl":"https:\/\/amovacinasguarulhos.com.br\/wp-content\/uploads\/2023\/07\/Logo_AmoVacinasRGB-1536x692-1.png","width":1536,"height":692,"caption":"Amo Vacinas Guarulhos"},"image":{"@id":"https:\/\/amovacinasguarulhos.com.br\/#\/schema\/logo\/image\/"},"sameAs":["https:\/\/www.instagram.com\/amovacinasshopinternacionalgru\/"]}]}},"_links":{"self":[{"href":"https:\/\/amovacinasguarulhos.com.br\/index.php?rest_route=\/wp\/v2\/pages\/116","targetHints":{"allow":["GET"]}}],"collection":[{"href":"https:\/\/amovacinasguarulhos.com.br\/index.php?rest_route=\/wp\/v2\/pages"}],"about":[{"href":"https:\/\/amovacinasguarulhos.com.br\/index.php?rest_route=\/wp\/v2\/types\/page"}],"author":[{"embeddable":true,"href":"https:\/\/amovacinasguarulhos.com.br\/index.php?rest_route=\/wp\/v2\/users\/1"}],"replies":[{"embeddable":true,"href":"https:\/\/amovacinasguarulhos.com.br\/index.php?rest_route=%2Fwp%2Fv2%2Fcomments&post=116"}],"version-history":[{"count":55,"href":"https:\/\/amovacinasguarulhos.com.br\/index.php?rest_route=\/wp\/v2\/pages\/116\/revisions"}],"predecessor-version":[{"id":1045,"href":"https:\/\/amovacinasguarulhos.com.br\/index.php?rest_route=\/wp\/v2\/pages\/116\/revisions\/1045"}],"wp:featuredmedia":[{"embeddable":true,"href":"https:\/\/amovacinasguarulhos.com.br\/index.php?rest_route=\/wp\/v2\/media\/107"}],"wp:attachment":[{"href":"https:\/\/amovacinasguarulhos.com.br\/index.php?rest_route=%2Fwp%2Fv2%2Fmedia&parent=116"}],"curies":[{"name":"wp","href":"https:\/\/api.w.org\/{rel}","templated":true}]}}