{"id":693,"date":"2023-08-06T23:11:01","date_gmt":"2023-08-06T23:11:01","guid":{"rendered":"https:\/\/amovacinasguarulhos.com.br\/?page_id=693"},"modified":"2023-12-07T07:46:45","modified_gmt":"2023-12-07T07:46:45","slug":"vc-aplibrin","status":"publish","type":"page","link":"https:\/\/amovacinasguarulhos.com.br\/?page_id=693","title":{"rendered":"Aplica\u00e7\u00e3o Brinco"},"content":{"rendered":"\t\t<div data-elementor-type=\"wp-page\" data-elementor-id=\"693\" class=\"elementor elementor-693\">\n\t\t\t\t<div class=\"elementor-element elementor-element-161bdc3 e-con-full e-flex e-con e-parent\" data-id=\"161bdc3\" data-element_type=\"container\" data-settings=\"{&quot;background_background&quot;:&quot;classic&quot;}\">\n\t\t\t\t<div class=\"elementor-element elementor-element-de22e97 elementor-nav-menu__text-align-center elementor-absolute elementor-nav-menu--toggle elementor-nav-menu--burger elementor-widget elementor-widget-nav-menu\" data-id=\"de22e97\" data-element_type=\"widget\" data-settings=\"{&quot;layout&quot;:&quot;dropdown&quot;,&quot;submenu_icon&quot;:{&quot;value&quot;:&quot;&lt;i class=\\&quot;fas fa-angle-down\\&quot;&gt;&lt;\\\/i&gt;&quot;,&quot;library&quot;:&quot;fa-solid&quot;},&quot;_position&quot;:&quot;absolute&quot;,&quot;toggle&quot;:&quot;burger&quot;}\" data-widget_type=\"nav-menu.default\">\n\t\t\t\t<div class=\"elementor-widget-container\">\n\t\t\t\t\t\t\t<div class=\"elementor-menu-toggle\" role=\"button\" tabindex=\"0\" aria-label=\"Menu Toggle\" aria-expanded=\"false\">\n\t\t\t<i aria-hidden=\"true\" role=\"presentation\" class=\"elementor-menu-toggle__icon--open eicon-menu-bar\"><\/i><i aria-hidden=\"true\" role=\"presentation\" class=\"elementor-menu-toggle__icon--close eicon-close\"><\/i>\t\t\t<span class=\"elementor-screen-only\">Menu<\/span>\n\t\t<\/div>\n\t\t\t<nav class=\"elementor-nav-menu--dropdown elementor-nav-menu__container\" role=\"navigation\" aria-hidden=\"true\">\n\t\t\t\t<ul id=\"menu-2-de22e97\" class=\"elementor-nav-menu\"><li class=\"menu-item menu-item-type-post_type menu-item-object-page menu-item-630\"><a href=\"https:\/\/amovacinasguarulhos.com.br\/?page_id=116\" class=\"elementor-item\" tabindex=\"-1\">Home<\/a><\/li>\n<li class=\"menu-item menu-item-type-post_type menu-item-object-page menu-item-home menu-item-708\"><a href=\"https:\/\/amovacinasguarulhos.com.br\/\" class=\"elementor-item\" tabindex=\"-1\">amovacinas<\/a><\/li>\n<li class=\"menu-item menu-item-type-post_type menu-item-object-page menu-item-has-children menu-item-699\"><a href=\"https:\/\/amovacinasguarulhos.com.br\/?page_id=641\" class=\"elementor-item\" tabindex=\"-1\">Servicos<\/a>\n<ul class=\"sub-menu elementor-nav-menu--dropdown\">\n\t<li class=\"menu-item menu-item-type-post_type menu-item-object-page menu-item-700\"><a href=\"https:\/\/amovacinasguarulhos.com.br\/?page_id=693\" class=\"elementor-sub-item\" tabindex=\"-1\">Aplica\u00e7\u00e3o Brinco<\/a><\/li>\n\t<li class=\"menu-item menu-item-type-post_type menu-item-object-page menu-item-701\"><a href=\"https:\/\/amovacinasguarulhos.com.br\/?page_id=685\" class=\"elementor-sub-item\" tabindex=\"-1\">Maternidade<\/a><\/li>\n\t<li class=\"menu-item menu-item-type-post_type menu-item-object-page menu-item-702\"><a href=\"https:\/\/amovacinasguarulhos.com.br\/?page_id=692\" class=\"elementor-sub-item\" tabindex=\"-1\">Plano Programados<\/a><\/li>\n\t<li class=\"menu-item menu-item-type-post_type menu-item-object-page menu-item-703\"><a href=\"https:\/\/amovacinasguarulhos.com.br\/?page_id=687\" class=\"elementor-sub-item\" tabindex=\"-1\">Escolar<\/a><\/li>\n\t<li class=\"menu-item menu-item-type-post_type menu-item-object-page menu-item-704\"><a href=\"https:\/\/amovacinasguarulhos.com.br\/?page_id=691\" class=\"elementor-sub-item\" tabindex=\"-1\">CIVP<\/a><\/li>\n\t<li class=\"menu-item menu-item-type-post_type menu-item-object-page menu-item-705\"><a href=\"https:\/\/amovacinasguarulhos.com.br\/?page_id=679\" class=\"elementor-sub-item\" tabindex=\"-1\">Empresarial<\/a><\/li>\n\t<li class=\"menu-item menu-item-type-post_type menu-item-object-page menu-item-706\"><a href=\"https:\/\/amovacinasguarulhos.com.br\/?page_id=686\" class=\"elementor-sub-item\" tabindex=\"-1\">Condom\u00ednio<\/a><\/li>\n\t<li class=\"menu-item menu-item-type-post_type menu-item-object-page menu-item-707\"><a href=\"https:\/\/amovacinasguarulhos.com.br\/?page_id=658\" class=\"elementor-sub-item\" tabindex=\"-1\">Domiciliar<\/a><\/li>\n<\/ul>\n<\/li>\n<li class=\"menu-item menu-item-type-post_type menu-item-object-page menu-item-953\"><a href=\"https:\/\/amovacinasguarulhos.com.br\/?page_id=116\" class=\"elementor-item\" tabindex=\"-1\">Sobre n\u00f3s<\/a><\/li>\n<li class=\"menu-item menu-item-type-post_type menu-item-object-page menu-item-963\"><a href=\"https:\/\/amovacinasguarulhos.com.br\/?page_id=962\" class=\"elementor-item\" tabindex=\"-1\">Pol\u00edtica de Privacidade<\/a><\/li>\n<\/ul>\t\t\t<\/nav>\n\t\t\t\t\t\t<\/div>\n\t\t\t\t<\/div>\n\t\t\t\t<\/div>\n\t\t<div class=\"elementor-element elementor-element-16070da e-flex e-con-boxed e-con e-parent\" data-id=\"16070da\" data-element_type=\"container\">\n\t\t\t\t\t<div class=\"e-con-inner\">\n\t\t\t\t<div class=\"elementor-element elementor-element-2bb6137 elementor-widget elementor-widget-image\" data-id=\"2bb6137\" data-element_type=\"widget\" data-widget_type=\"image.default\">\n\t\t\t\t<div class=\"elementor-widget-container\">\n\t\t\t\t\t\t\t\t\t\t\t\t\t\t\t\t<a href=\"https:\/\/amovacinasguarulhos.com.br\">\n\t\t\t\t\t\t\t<img decoding=\"async\" width=\"300\" height=\"135\" src=\"https:\/\/amovacinasguarulhos.com.br\/wp-content\/uploads\/2023\/07\/Logo_AmoVacinasRGB-1536x692-1-300x135.png\" class=\"attachment-medium size-medium wp-image-107\" alt=\"Amo Vacinas\" srcset=\"https:\/\/amovacinasguarulhos.com.br\/wp-content\/uploads\/2023\/07\/Logo_AmoVacinasRGB-1536x692-1-300x135.png.webp 300w, https:\/\/amovacinasguarulhos.com.br\/wp-content\/uploads\/2023\/07\/Logo_AmoVacinasRGB-1536x692-1-1024x461.png.webp 1024w, https:\/\/amovacinasguarulhos.com.br\/wp-content\/uploads\/2023\/07\/Logo_AmoVacinasRGB-1536x692-1-768x346.png.webp 768w, https:\/\/amovacinasguarulhos.com.br\/wp-content\/uploads\/2023\/07\/Logo_AmoVacinasRGB-1536x692-1.png.webp 1536w\" sizes=\"(max-width: 300px) 100vw, 300px\" \/>\t\t\t\t\t\t\t\t<\/a>\n\t\t\t\t\t\t\t\t\t\t\t\t\t\t\t<\/div>\n\t\t\t\t<\/div>\n\t\t\t\t\t<\/div>\n\t\t\t\t<\/div>\n\t\t<div class=\"elementor-element elementor-element-6b083af e-flex e-con-boxed e-con e-parent\" data-id=\"6b083af\" data-element_type=\"container\">\n\t\t\t\t\t<div class=\"e-con-inner\">\n\t\t<div class=\"elementor-element elementor-element-3f2809f e-flex e-con-boxed e-con e-child\" data-id=\"3f2809f\" data-element_type=\"container\">\n\t\t\t\t\t<div class=\"e-con-inner\">\n\t\t\t\t<div class=\"elementor-element elementor-element-046f604 elementor-widget elementor-widget-heading\" data-id=\"046f604\" data-element_type=\"widget\" data-widget_type=\"heading.default\">\n\t\t\t\t<div class=\"elementor-widget-container\">\n\t\t\t\t\t<h3 class=\"elementor-heading-title elementor-size-default\">Aplica\u00e7\u00e3o do Primeiro Brinquinho<\/h3>\t\t\t\t<\/div>\n\t\t\t\t<\/div>\n\t\t\t\t<div class=\"elementor-element elementor-element-6f294f8 elementor-widget elementor-widget-image\" data-id=\"6f294f8\" data-element_type=\"widget\" data-widget_type=\"image.default\">\n\t\t\t\t<div class=\"elementor-widget-container\">\n\t\t\t\t\t\t\t\t\t\t\t\t\t\t\t<img fetchpriority=\"high\" decoding=\"async\" width=\"651\" height=\"300\" src=\"https:\/\/amovacinasguarulhos.com.br\/wp-content\/uploads\/2023\/08\/brinco.png\" class=\"attachment-1536x1536 size-1536x1536 wp-image-722\" alt=\"\" srcset=\"https:\/\/amovacinasguarulhos.com.br\/wp-content\/uploads\/2023\/08\/brinco.png.webp 651w, https:\/\/amovacinasguarulhos.com.br\/wp-content\/uploads\/2023\/08\/brinco-300x138.png.webp 300w\" sizes=\"(max-width: 651px) 100vw, 651px\" \/>\t\t\t\t\t\t\t\t\t\t\t\t\t\t\t<\/div>\n\t\t\t\t<\/div>\n\t\t\t\t<div class=\"elementor-element elementor-element-f1fdfaf elementor-widget elementor-widget-text-editor\" data-id=\"f1fdfaf\" data-element_type=\"widget\" data-widget_type=\"text-editor.default\">\n\t\t\t\t<div class=\"elementor-widget-container\">\n\t\t\t\t\t\t\t\t\t<p><span style=\"color: #333333;\">\u00c9 rapidinho, e fica um amor! sua filha mere\u00e7e colocar o primeiro brinquinho na Amo Vacinas.<\/span><\/p><p><span style=\"color: #333333;\"><strong>Brincos de perfura\u00e7\u00e3o:<\/strong><\/span><\/p>\t\t\t\t\t\t\t\t<\/div>\n\t\t\t\t<\/div>\n\t\t\t\t<div class=\"elementor-element elementor-element-4d56970 elementor-widget elementor-widget-text-editor\" data-id=\"4d56970\" data-element_type=\"widget\" data-widget_type=\"text-editor.default\">\n\t\t\t\t<div class=\"elementor-widget-container\">\n\t\t\t\t\t\t\t\t\t<ul><li><p style=\"color: #333333;\">Em a\u00e7o inox<\/p><\/li><li><span style=\"color: #333333;\">Esterilizados<\/span><\/li><li><span style=\"color: #333333;\">Sistema descart\u00e1vel e silencioso<\/span><\/li><li><span style=\"color: #333333;\">Folheados a ouro 24k<\/span><\/li><li><span style=\"color: #333333;\">\u00danico brinco antial\u00e9rgico do mercado<\/span><\/li><\/ul>\t\t\t\t\t\t\t\t<\/div>\n\t\t\t\t<\/div>\n\t\t\t\t<div class=\"elementor-element elementor-element-c6bd1c5 elementor-button-info elementor-align-center elementor-widget__width-inherit elementor-widget-mobile__width-inherit elementor-widget elementor-widget-button\" data-id=\"c6bd1c5\" data-element_type=\"widget\" data-settings=\"{&quot;_animation&quot;:&quot;none&quot;}\" data-widget_type=\"button.default\">\n\t\t\t\t<div class=\"elementor-widget-container\">\n\t\t\t\t\t\t\t\t\t<div class=\"elementor-button-wrapper\">\n\t\t\t\t\t<a class=\"elementor-button elementor-button-link elementor-size-xs\" href=\"https:\/\/api.whatsapp.com\/send?phone=5511914137221&#038;text=Ol%C3%A1%21+Vim+pelo+site+amovacinasguarulhos.com.br.+Quero+falar+com+uma+atendente+sobre+aplica\u00e7\u00e3o+de+brinco.&#038;app_absent=0\">\n\t\t\t\t\t\t<span class=\"elementor-button-content-wrapper\">\n\t\t\t\t\t\t\t\t\t<span class=\"elementor-button-text\">Saiba +<\/span>\n\t\t\t\t\t<\/span>\n\t\t\t\t\t<\/a>\n\t\t\t\t<\/div>\n\t\t\t\t\t\t\t\t<\/div>\n\t\t\t\t<\/div>\n\t\t\t\t\t<\/div>\n\t\t\t\t<\/div>\n\t\t\t\t\t<\/div>\n\t\t\t\t<\/div>\n\t\t<footer class=\"elementor-element elementor-element-d6abac9 e-flex e-con-boxed e-con e-parent\" data-id=\"d6abac9\" data-element_type=\"container\" data-settings=\"{&quot;background_background&quot;:&quot;classic&quot;}\">\n\t\t\t\t\t<div class=\"e-con-inner\">\n\t\t<div class=\"elementor-element elementor-element-15dc1d1 e-con-full e-flex e-con e-child\" data-id=\"15dc1d1\" data-element_type=\"container\">\n\t\t\t\t<div class=\"elementor-element elementor-element-eb2dbe5 elementor-view-default elementor-position-top elementor-mobile-position-top elementor-widget elementor-widget-icon-box\" data-id=\"eb2dbe5\" data-element_type=\"widget\" data-widget_type=\"icon-box.default\">\n\t\t\t\t<div class=\"elementor-widget-container\">\n\t\t\t\t\t\t\t<div class=\"elementor-icon-box-wrapper\">\n\n\t\t\t\t\t\t<div class=\"elementor-icon-box-icon\">\n\t\t\t\t<span  class=\"elementor-icon\">\n\t\t\t\t<i aria-hidden=\"true\" class=\"fas fa-map-marker-alt\"><\/i>\t\t\t\t<\/span>\n\t\t\t<\/div>\n\t\t\t\n\t\t\t\t\t\t<div class=\"elementor-icon-box-content\">\n\n\t\t\t\t\t\t\t\t\t<h4 class=\"elementor-icon-box-title\">\n\t\t\t\t\t\t<span  >\n\t\t\t\t\t\t\tInternacional Shopping Guarulhos\t\t\t\t\t\t<\/span>\n\t\t\t\t\t<\/h4>\n\t\t\t\t\n\t\t\t\t\t\t\t\t\t<p class=\"elementor-icon-box-description\">\n\t\t\t\t\t\tRua Engenheiro Camilo Olivetti, n\u00ba 295 - T\u00e9rreo Loja C-15<br>Itapegica - Vila Herm\u00ednia, Guarulhos - SP\t\t\t\t\t<\/p>\n\t\t\t\t\n\t\t\t<\/div>\n\t\t\t\n\t\t<\/div>\n\t\t\t\t\t\t<\/div>\n\t\t\t\t<\/div>\n\t\t\t\t<div class=\"elementor-element elementor-element-18e6a3e elementor-shape-rounded elementor-grid-0 e-grid-align-center elementor-widget elementor-widget-social-icons\" data-id=\"18e6a3e\" data-element_type=\"widget\" data-widget_type=\"social-icons.default\">\n\t\t\t\t<div class=\"elementor-widget-container\">\n\t\t\t\t\t\t\t<div class=\"elementor-social-icons-wrapper elementor-grid\" role=\"list\">\n\t\t\t\t\t\t\t<span class=\"elementor-grid-item\" role=\"listitem\">\n\t\t\t\t\t<a class=\"elementor-icon elementor-social-icon elementor-social-icon-instagram elementor-repeater-item-6895a53\" href=\"https:\/\/www.instagram.com\/amovacinasshopinternacionalgru\/\" target=\"_blank\">\n\t\t\t\t\t\t<span class=\"elementor-screen-only\">Instagram<\/span>\n\t\t\t\t\t\t<i aria-hidden=\"true\" class=\"fab fa-instagram\"><\/i>\t\t\t\t\t<\/a>\n\t\t\t\t<\/span>\n\t\t\t\t\t\t\t<span class=\"elementor-grid-item\" role=\"listitem\">\n\t\t\t\t\t<a class=\"elementor-icon elementor-social-icon elementor-social-icon-whatsapp elementor-repeater-item-b2f7d5c\" href=\"https:\/\/api.whatsapp.com\/send?phone=5511914137221&#038;text=Ol%C3%A1%21+Vim+pelo+site+amovacinasguarulhos.com.br.+Quero+falar+com+uma+atendente.&#038;app_absent=0\" target=\"_blank\">\n\t\t\t\t\t\t<span class=\"elementor-screen-only\">Whatsapp<\/span>\n\t\t\t\t\t\t<i aria-hidden=\"true\" class=\"fab fa-whatsapp\"><\/i>\t\t\t\t\t<\/a>\n\t\t\t\t<\/span>\n\t\t\t\t\t<\/div>\n\t\t\t\t\t\t<\/div>\n\t\t\t\t<\/div>\n\t\t\t\t<\/div>\n\t\t<div class=\"elementor-element elementor-element-6c8e564 e-con-full e-flex e-con e-child\" data-id=\"6c8e564\" data-element_type=\"container\">\n\t\t\t\t<div class=\"elementor-element elementor-element-5c7f9a9 elementor-widget elementor-widget-google_maps\" data-id=\"5c7f9a9\" data-element_type=\"widget\" data-widget_type=\"google_maps.default\">\n\t\t\t\t<div class=\"elementor-widget-container\">\n\t\t\t\t\t\t\t<div class=\"elementor-custom-embed\">\n\t\t\t<iframe loading=\"lazy\"\n\t\t\t\t\tsrc=\"https:\/\/maps.google.com\/maps?q=Amo%20Vacinas%2C%20guarulhos%2C%20sp&#038;t=m&#038;z=10&#038;output=embed&#038;iwloc=near\"\n\t\t\t\t\ttitle=\"Amo Vacinas, guarulhos, sp\"\n\t\t\t\t\taria-label=\"Amo Vacinas, guarulhos, sp\"\n\t\t\t><\/iframe>\n\t\t<\/div>\n\t\t\t\t\t\t<\/div>\n\t\t\t\t<\/div>\n\t\t\t\t<\/div>\n\t\t\t\t\t<\/div>\n\t\t\t\t<\/footer>\n\t\t\t\t<\/div>\n\t\t","protected":false},"excerpt":{"rendered":"<p>Aplica\u00e7\u00e3o do Primeiro Brinquinho \u00c9 rapidinho, e fica um amor! sua filha mere\u00e7e colocar o primeiro brinquinho na Amo Vacinas. Brincos de perfura\u00e7\u00e3o: Em a\u00e7o inox Esterilizados Sistema descart\u00e1vel e [&hellip;]<\/p>\n","protected":false},"author":1,"featured_media":0,"parent":641,"menu_order":0,"comment_status":"closed","ping_status":"closed","template":"elementor_canvas","meta":{"footnotes":""},"class_list":["post-693","page","type-page","status-publish","hentry","rishi-post","no-post-thumbnail"],"rishi__cb_customizer_meta":"","yoast_head":"<!-- This site is optimized with the Yoast SEO plugin v26.5 - https:\/\/yoast.com\/wordpress\/plugins\/seo\/ -->\n<title>Aplica\u00e7\u00e3o Brinco - Amo Vacinas Guarulhos<\/title>\n<meta name=\"robots\" content=\"index, follow, max-snippet:-1, max-image-preview:large, max-video-preview:-1\" \/>\n<link rel=\"canonical\" href=\"https:\/\/amovacinasguarulhos.com.br\/?page_id=693\" \/>\n<meta property=\"og:locale\" content=\"pt_BR\" \/>\n<meta property=\"og:type\" content=\"article\" \/>\n<meta property=\"og:title\" content=\"Aplica\u00e7\u00e3o Brinco - Amo Vacinas Guarulhos\" \/>\n<meta property=\"og:description\" content=\"Aplica\u00e7\u00e3o do Primeiro Brinquinho \u00c9 rapidinho, e fica um amor! sua filha mere\u00e7e colocar o primeiro brinquinho na Amo Vacinas. Brincos de perfura\u00e7\u00e3o: Em a\u00e7o inox Esterilizados Sistema descart\u00e1vel e [&hellip;]\" \/>\n<meta property=\"og:url\" content=\"https:\/\/amovacinasguarulhos.com.br\/?page_id=693\" \/>\n<meta property=\"og:site_name\" content=\"Amo Vacinas Guarulhos\" \/>\n<meta property=\"article:modified_time\" content=\"2023-12-07T07:46:45+00:00\" \/>\n<meta property=\"og:image\" content=\"https:\/\/amovacinasguarulhos.com.br\/wp-content\/uploads\/2023\/07\/Logo_AmoVacinasRGB-1536x692-1-300x135.png\" \/>\n<meta name=\"twitter:card\" content=\"summary_large_image\" \/>\n<meta name=\"twitter:label1\" content=\"Est. tempo de leitura\" \/>\n\t<meta name=\"twitter:data1\" content=\"1 minuto\" \/>\n<script type=\"application\/ld+json\" class=\"yoast-schema-graph\">{\"@context\":\"https:\/\/schema.org\",\"@graph\":[{\"@type\":\"WebPage\",\"@id\":\"https:\/\/amovacinasguarulhos.com.br\/?page_id=693\",\"url\":\"https:\/\/amovacinasguarulhos.com.br\/?page_id=693\",\"name\":\"Aplica\u00e7\u00e3o Brinco - Amo Vacinas Guarulhos\",\"isPartOf\":{\"@id\":\"https:\/\/amovacinasguarulhos.com.br\/#website\"},\"primaryImageOfPage\":{\"@id\":\"https:\/\/amovacinasguarulhos.com.br\/?page_id=693#primaryimage\"},\"image\":{\"@id\":\"https:\/\/amovacinasguarulhos.com.br\/?page_id=693#primaryimage\"},\"thumbnailUrl\":\"https:\/\/amovacinasguarulhos.com.br\/wp-content\/uploads\/2023\/07\/Logo_AmoVacinasRGB-1536x692-1-300x135.png\",\"datePublished\":\"2023-08-06T23:11:01+00:00\",\"dateModified\":\"2023-12-07T07:46:45+00:00\",\"breadcrumb\":{\"@id\":\"https:\/\/amovacinasguarulhos.com.br\/?page_id=693#breadcrumb\"},\"inLanguage\":\"pt-BR\",\"potentialAction\":[{\"@type\":\"ReadAction\",\"target\":[\"https:\/\/amovacinasguarulhos.com.br\/?page_id=693\"]}]},{\"@type\":\"ImageObject\",\"inLanguage\":\"pt-BR\",\"@id\":\"https:\/\/amovacinasguarulhos.com.br\/?page_id=693#primaryimage\",\"url\":\"https:\/\/amovacinasguarulhos.com.br\/wp-content\/uploads\/2023\/07\/Logo_AmoVacinasRGB-1536x692-1.png\",\"contentUrl\":\"https:\/\/amovacinasguarulhos.com.br\/wp-content\/uploads\/2023\/07\/Logo_AmoVacinasRGB-1536x692-1.png\",\"width\":1536,\"height\":692,\"caption\":\"Amo Vacinas\"},{\"@type\":\"BreadcrumbList\",\"@id\":\"https:\/\/amovacinasguarulhos.com.br\/?page_id=693#breadcrumb\",\"itemListElement\":[{\"@type\":\"ListItem\",\"position\":1,\"name\":\"In\u00edcio\",\"item\":\"https:\/\/amovacinasguarulhos.com.br\/\"},{\"@type\":\"ListItem\",\"position\":2,\"name\":\"Servicos\",\"item\":\"https:\/\/amovacinasguarulhos.com.br\/?page_id=641\"},{\"@type\":\"ListItem\",\"position\":3,\"name\":\"Aplica\u00e7\u00e3o Brinco\"}]},{\"@type\":\"WebSite\",\"@id\":\"https:\/\/amovacinasguarulhos.com.br\/#website\",\"url\":\"https:\/\/amovacinasguarulhos.com.br\/\",\"name\":\"Amo Vacinas Guarulhos\",\"description\":\"Cl\u00ednica especializada em vacina\u00e7\u00e3o, para todas as idades, planos exclusivos, humanizado, al\u00e9m disso, na Amo Vacinas Guarulhos tem atendimento domiciliar!\",\"publisher\":{\"@id\":\"https:\/\/amovacinasguarulhos.com.br\/#organization\"},\"potentialAction\":[{\"@type\":\"SearchAction\",\"target\":{\"@type\":\"EntryPoint\",\"urlTemplate\":\"https:\/\/amovacinasguarulhos.com.br\/?s={search_term_string}\"},\"query-input\":{\"@type\":\"PropertyValueSpecification\",\"valueRequired\":true,\"valueName\":\"search_term_string\"}}],\"inLanguage\":\"pt-BR\"},{\"@type\":\"Organization\",\"@id\":\"https:\/\/amovacinasguarulhos.com.br\/#organization\",\"name\":\"Amo Vacinas Guarulhos\",\"alternateName\":\"Amo Vacinas\",\"url\":\"https:\/\/amovacinasguarulhos.com.br\/\",\"logo\":{\"@type\":\"ImageObject\",\"inLanguage\":\"pt-BR\",\"@id\":\"https:\/\/amovacinasguarulhos.com.br\/#\/schema\/logo\/image\/\",\"url\":\"https:\/\/amovacinasguarulhos.com.br\/wp-content\/uploads\/2023\/07\/Logo_AmoVacinasRGB-1536x692-1.png\",\"contentUrl\":\"https:\/\/amovacinasguarulhos.com.br\/wp-content\/uploads\/2023\/07\/Logo_AmoVacinasRGB-1536x692-1.png\",\"width\":1536,\"height\":692,\"caption\":\"Amo Vacinas Guarulhos\"},\"image\":{\"@id\":\"https:\/\/amovacinasguarulhos.com.br\/#\/schema\/logo\/image\/\"},\"sameAs\":[\"https:\/\/www.instagram.com\/amovacinasshopinternacionalgru\/\"]}]}<\/script>\n<!-- \/ Yoast SEO plugin. -->","yoast_head_json":{"title":"Aplica\u00e7\u00e3o Brinco - Amo Vacinas Guarulhos","robots":{"index":"index","follow":"follow","max-snippet":"max-snippet:-1","max-image-preview":"max-image-preview:large","max-video-preview":"max-video-preview:-1"},"canonical":"https:\/\/amovacinasguarulhos.com.br\/?page_id=693","og_locale":"pt_BR","og_type":"article","og_title":"Aplica\u00e7\u00e3o Brinco - Amo Vacinas Guarulhos","og_description":"Aplica\u00e7\u00e3o do Primeiro Brinquinho \u00c9 rapidinho, e fica um amor! sua filha mere\u00e7e colocar o primeiro brinquinho na Amo Vacinas. Brincos de perfura\u00e7\u00e3o: Em a\u00e7o inox Esterilizados Sistema descart\u00e1vel e [&hellip;]","og_url":"https:\/\/amovacinasguarulhos.com.br\/?page_id=693","og_site_name":"Amo Vacinas Guarulhos","article_modified_time":"2023-12-07T07:46:45+00:00","og_image":[{"url":"https:\/\/amovacinasguarulhos.com.br\/wp-content\/uploads\/2023\/07\/Logo_AmoVacinasRGB-1536x692-1-300x135.png","type":"","width":"","height":""}],"twitter_card":"summary_large_image","twitter_misc":{"Est. tempo de leitura":"1 minuto"},"schema":{"@context":"https:\/\/schema.org","@graph":[{"@type":"WebPage","@id":"https:\/\/amovacinasguarulhos.com.br\/?page_id=693","url":"https:\/\/amovacinasguarulhos.com.br\/?page_id=693","name":"Aplica\u00e7\u00e3o Brinco - Amo Vacinas Guarulhos","isPartOf":{"@id":"https:\/\/amovacinasguarulhos.com.br\/#website"},"primaryImageOfPage":{"@id":"https:\/\/amovacinasguarulhos.com.br\/?page_id=693#primaryimage"},"image":{"@id":"https:\/\/amovacinasguarulhos.com.br\/?page_id=693#primaryimage"},"thumbnailUrl":"https:\/\/amovacinasguarulhos.com.br\/wp-content\/uploads\/2023\/07\/Logo_AmoVacinasRGB-1536x692-1-300x135.png","datePublished":"2023-08-06T23:11:01+00:00","dateModified":"2023-12-07T07:46:45+00:00","breadcrumb":{"@id":"https:\/\/amovacinasguarulhos.com.br\/?page_id=693#breadcrumb"},"inLanguage":"pt-BR","potentialAction":[{"@type":"ReadAction","target":["https:\/\/amovacinasguarulhos.com.br\/?page_id=693"]}]},{"@type":"ImageObject","inLanguage":"pt-BR","@id":"https:\/\/amovacinasguarulhos.com.br\/?page_id=693#primaryimage","url":"https:\/\/amovacinasguarulhos.com.br\/wp-content\/uploads\/2023\/07\/Logo_AmoVacinasRGB-1536x692-1.png","contentUrl":"https:\/\/amovacinasguarulhos.com.br\/wp-content\/uploads\/2023\/07\/Logo_AmoVacinasRGB-1536x692-1.png","width":1536,"height":692,"caption":"Amo Vacinas"},{"@type":"BreadcrumbList","@id":"https:\/\/amovacinasguarulhos.com.br\/?page_id=693#breadcrumb","itemListElement":[{"@type":"ListItem","position":1,"name":"In\u00edcio","item":"https:\/\/amovacinasguarulhos.com.br\/"},{"@type":"ListItem","position":2,"name":"Servicos","item":"https:\/\/amovacinasguarulhos.com.br\/?page_id=641"},{"@type":"ListItem","position":3,"name":"Aplica\u00e7\u00e3o Brinco"}]},{"@type":"WebSite","@id":"https:\/\/amovacinasguarulhos.com.br\/#website","url":"https:\/\/amovacinasguarulhos.com.br\/","name":"Amo Vacinas Guarulhos","description":"Cl\u00ednica especializada em vacina\u00e7\u00e3o, para todas as idades, planos exclusivos, humanizado, al\u00e9m disso, na Amo Vacinas Guarulhos tem atendimento domiciliar!","publisher":{"@id":"https:\/\/amovacinasguarulhos.com.br\/#organization"},"potentialAction":[{"@type":"SearchAction","target":{"@type":"EntryPoint","urlTemplate":"https:\/\/amovacinasguarulhos.com.br\/?s={search_term_string}"},"query-input":{"@type":"PropertyValueSpecification","valueRequired":true,"valueName":"search_term_string"}}],"inLanguage":"pt-BR"},{"@type":"Organization","@id":"https:\/\/amovacinasguarulhos.com.br\/#organization","name":"Amo Vacinas Guarulhos","alternateName":"Amo Vacinas","url":"https:\/\/amovacinasguarulhos.com.br\/","logo":{"@type":"ImageObject","inLanguage":"pt-BR","@id":"https:\/\/amovacinasguarulhos.com.br\/#\/schema\/logo\/image\/","url":"https:\/\/amovacinasguarulhos.com.br\/wp-content\/uploads\/2023\/07\/Logo_AmoVacinasRGB-1536x692-1.png","contentUrl":"https:\/\/amovacinasguarulhos.com.br\/wp-content\/uploads\/2023\/07\/Logo_AmoVacinasRGB-1536x692-1.png","width":1536,"height":692,"caption":"Amo Vacinas Guarulhos"},"image":{"@id":"https:\/\/amovacinasguarulhos.com.br\/#\/schema\/logo\/image\/"},"sameAs":["https:\/\/www.instagram.com\/amovacinasshopinternacionalgru\/"]}]}},"_links":{"self":[{"href":"https:\/\/amovacinasguarulhos.com.br\/index.php?rest_route=\/wp\/v2\/pages\/693","targetHints":{"allow":["GET"]}}],"collection":[{"href":"https:\/\/amovacinasguarulhos.com.br\/index.php?rest_route=\/wp\/v2\/pages"}],"about":[{"href":"https:\/\/amovacinasguarulhos.com.br\/index.php?rest_route=\/wp\/v2\/types\/page"}],"author":[{"embeddable":true,"href":"https:\/\/amovacinasguarulhos.com.br\/index.php?rest_route=\/wp\/v2\/users\/1"}],"replies":[{"embeddable":true,"href":"https:\/\/amovacinasguarulhos.com.br\/index.php?rest_route=%2Fwp%2Fv2%2Fcomments&post=693"}],"version-history":[{"count":20,"href":"https:\/\/amovacinasguarulhos.com.br\/index.php?rest_route=\/wp\/v2\/pages\/693\/revisions"}],"predecessor-version":[{"id":1000,"href":"https:\/\/amovacinasguarulhos.com.br\/index.php?rest_route=\/wp\/v2\/pages\/693\/revisions\/1000"}],"up":[{"embeddable":true,"href":"https:\/\/amovacinasguarulhos.com.br\/index.php?rest_route=\/wp\/v2\/pages\/641"}],"wp:attachment":[{"href":"https:\/\/amovacinasguarulhos.com.br\/index.php?rest_route=%2Fwp%2Fv2%2Fmedia&parent=693"}],"curies":[{"name":"wp","href":"https:\/\/api.w.org\/{rel}","templated":true}]}}